{"id":8,"date":"2025-12-03T19:56:45","date_gmt":"2025-12-03T19:56:45","guid":{"rendered":"https:\/\/dumayatravel.com\/?page_id=8"},"modified":"2026-01-14T18:05:23","modified_gmt":"2026-01-14T18:05:23","slug":"acerca-de","status":"publish","type":"page","link":"https:\/\/dumayatravel.com\/en\/acerca-de\/","title":{"rendered":"Acerca de"},"content":{"rendered":"<div data-elementor-type=\"wp-page\" data-elementor-id=\"8\" class=\"elementor elementor-8\">\n\t\t\t\t<div class=\"elementor-element elementor-element-76e5aae e-flex e-con-boxed e-con e-parent\" data-id=\"76e5aae\" data-element_type=\"container\">\n\t\t\t\t\t<div class=\"e-con-inner\">\n\t\t\t\t<div class=\"elementor-element elementor-element-cc236a0 elementor-widget elementor-widget-video\" data-id=\"cc236a0\" data-element_type=\"widget\" data-settings=\"{&quot;video_type&quot;:&quot;hosted&quot;,&quot;controls&quot;:&quot;yes&quot;}\" data-widget_type=\"video.default\">\n\t\t\t\t\t\t\t<div class=\"e-hosted-video elementor-wrapper elementor-open-inline\">\n\t\t\t\t\t<video class=\"elementor-video\" src=\"https:\/\/dumayatravel.com\/wp-content\/uploads\/2025\/12\/4684101-hd_1920_1080_25fps.mp4\" controls=\"\" preload=\"metadata\" controlslist=\"nodownload\"><\/video>\n\t\t\t\t<\/div>\n\t\t\t\t\t\t<\/div>\n\t\t\t\t\t<\/div>\n\t\t\t\t<\/div>\n\t\t<div class=\"elementor-element elementor-element-T7omR5p e-flex e-con-boxed e-con e-parent\" data-id=\"T7omR5p\" data-element_type=\"container\">\n\t\t\t\t\t<div class=\"e-con-inner\">\n\t\t<div class=\"elementor-element elementor-element-TYcSss8 e-con-full e-flex e-con e-child\" data-id=\"TYcSss8\" data-element_type=\"container\">\n\t\t<div class=\"elementor-element elementor-element-PUJfL9t e-con-full e-flex e-con e-child\" data-id=\"PUJfL9t\" data-element_type=\"container\">\n\t\t\t\t<div class=\"elementor-element elementor-element-ndimiam elementor-widget elementor-widget-heading\" data-id=\"ndimiam\" data-element_type=\"widget\" data-widget_type=\"heading.default\">\n\t\t\t\t\t<h3 class=\"elementor-heading-title elementor-size-default\">Experiencia Personalizada<\/h3>\t\t\t\t<\/div>\n\t\t\t\t<div class=\"elementor-element elementor-element-6IJKdyw elementor-widget elementor-widget-text-editor\" data-id=\"6IJKdyw\" data-element_type=\"widget\" data-widget_type=\"text-editor.default\">\n\t\t\t\t\t\t\t\t\t<p>En Dumaya, te ofrecemos un viaje \u00fanico dise\u00f1ado solo para ti. Cada viajero tiene sus propias necesidades, y estamos aqu\u00ed para asegurarnos de que tu experiencia sea perfecta.<\/p>\t\t\t\t\t\t\t\t<\/div>\n\t\t\t\t<\/div>\n\t\t<div class=\"elementor-element elementor-element-7eO1kZk e-con-full e-flex e-con e-child\" data-id=\"7eO1kZk\" data-element_type=\"container\">\n\t\t\t\t<div class=\"elementor-element elementor-element-nzwyViv elementor-align-justify elementor-widget__width-inherit elementor-widget elementor-widget-button\" data-id=\"nzwyViv\" data-element_type=\"widget\" data-widget_type=\"button.default\">\n\t\t\t\t\t\t\t\t\t\t<a class=\"elementor-button elementor-button-link elementor-size-sm\" href=\"#\">\n\t\t\t\t\t\t<span class=\"elementor-button-content-wrapper\">\n\t\t\t\t\t\t\t\t\t<span class=\"elementor-button-text\">Cont\u00e1ctanos para tu pr\u00f3xima aventura!<\/span>\n\t\t\t\t\t<\/span>\n\t\t\t\t\t<\/a>\n\t\t\t\t\t\t\t\t<\/div>\n\t\t\t\t<\/div>\n\t\t\t\t<\/div>\n\t\t<div class=\"elementor-element elementor-element-kg7hDgI e-con-full e-flex e-con e-child\" data-id=\"kg7hDgI\" data-element_type=\"container\">\n\t\t<div class=\"elementor-element elementor-element-mwMG19c e-con-full e-flex e-con e-child\" data-id=\"mwMG19c\" data-element_type=\"container\">\n\t\t\t\t<div class=\"elementor-element elementor-element-cyAdLvy elementor-widget elementor-widget-heading\" data-id=\"cyAdLvy\" data-element_type=\"widget\" data-widget_type=\"heading.default\">\n\t\t\t\t\t<h3 class=\"elementor-heading-title elementor-size-default\">Amor por los Destinos<\/h3>\t\t\t\t<\/div>\n\t\t\t\t<div class=\"elementor-element elementor-element-oNuxSAN elementor-widget elementor-widget-text-editor\" data-id=\"oNuxSAN\" data-element_type=\"widget\" data-widget_type=\"text-editor.default\">\n\t\t\t\t\t\t\t\t\t<p>Nuestro equipo est\u00e1 formado por entusiastas viajeros que conocen M\u00e9xico a fondo. Queremos compartir contigo nuestras historias y recomendaciones para que descubras el pa\u00eds de una manera nueva.<\/p>\t\t\t\t\t\t\t\t<\/div>\n\t\t\t\t<\/div>\n\t\t<div class=\"elementor-element elementor-element-jLTSpiA e-con-full e-flex e-con e-child\" data-id=\"jLTSpiA\" data-element_type=\"container\">\n\t\t\t\t<div class=\"elementor-element elementor-element-q1Lu6Bb elementor-align-justify elementor-widget__width-inherit elementor-widget elementor-widget-button\" data-id=\"q1Lu6Bb\" data-element_type=\"widget\" data-widget_type=\"button.default\">\n\t\t\t\t\t\t\t\t\t\t<a class=\"elementor-button elementor-button-link elementor-size-sm\" href=\"#\">\n\t\t\t\t\t\t<span class=\"elementor-button-content-wrapper\">\n\t\t\t\t\t\t\t\t\t<span class=\"elementor-button-text\">Descubre nuestros destinos!<\/span>\n\t\t\t\t\t<\/span>\n\t\t\t\t\t<\/a>\n\t\t\t\t\t\t\t\t<\/div>\n\t\t\t\t<\/div>\n\t\t\t\t<\/div>\n\t\t<div class=\"elementor-element elementor-element-ZCmHJCf e-con-full e-flex e-con e-child\" data-id=\"ZCmHJCf\" data-element_type=\"container\">\n\t\t<div class=\"elementor-element elementor-element-T2UrDFK e-con-full e-flex e-con e-child\" data-id=\"T2UrDFK\" data-element_type=\"container\">\n\t\t\t\t<div class=\"elementor-element elementor-element-DzbYUU8 elementor-widget elementor-widget-heading\" data-id=\"DzbYUU8\" data-element_type=\"widget\" data-widget_type=\"heading.default\">\n\t\t\t\t\t<h3 class=\"elementor-heading-title elementor-size-default\">Seguridad Ante Todo<\/h3>\t\t\t\t<\/div>\n\t\t\t\t<div class=\"elementor-element elementor-element-HTydkym elementor-widget elementor-widget-text-editor\" data-id=\"HTydkym\" data-element_type=\"widget\" data-widget_type=\"text-editor.default\">\n\t\t\t\t\t\t\t\t\t<p>Tu seguridad es nuestra prioridad. Colaboramos con proveedores de confianza para ofrecerte una experiencia sin preocupaciones y proteger cada aspecto de tu viaje.<\/p>\t\t\t\t\t\t\t\t<\/div>\n\t\t\t\t<\/div>\n\t\t<div class=\"elementor-element elementor-element-LbqMhjR e-con-full e-flex e-con e-child\" data-id=\"LbqMhjR\" data-element_type=\"container\">\n\t\t\t\t<div class=\"elementor-element elementor-element-QjLfbSR elementor-align-justify elementor-widget__width-inherit elementor-widget elementor-widget-button\" data-id=\"QjLfbSR\" data-element_type=\"widget\" data-widget_type=\"button.default\">\n\t\t\t\t\t\t\t\t\t\t<a class=\"elementor-button elementor-button-link elementor-size-sm\" href=\"#\">\n\t\t\t\t\t\t<span class=\"elementor-button-content-wrapper\">\n\t\t\t\t\t\t\t\t\t<span class=\"elementor-button-text\">Pregunta sobre nuestra seguridad!<\/span>\n\t\t\t\t\t<\/span>\n\t\t\t\t\t<\/a>\n\t\t\t\t\t\t\t\t<\/div>\n\t\t\t\t<\/div>\n\t\t\t\t<\/div>\n\t\t\t\t\t<\/div>\n\t\t\t\t<\/div>\n\t\t<div class=\"elementor-element elementor-element-RAv9oCe e-flex e-con-boxed e-con e-parent\" data-id=\"RAv9oCe\" data-element_type=\"container\">\n\t\t\t\t\t<div class=\"e-con-inner\">\n\t\t<div class=\"elementor-element elementor-element-TCarqI8 e-con-full e-flex e-con e-child\" data-id=\"TCarqI8\" data-element_type=\"container\">\n\t\t\t\t<div class=\"elementor-element elementor-element-i7duTVS elementor-widget elementor-widget-heading\" data-id=\"i7duTVS\" data-element_type=\"widget\" data-widget_type=\"heading.default\">\n\t\t\t\t\t<h2 class=\"elementor-heading-title elementor-size-default\">Nuestros Servicios<\/h2>\t\t\t\t<\/div>\n\t\t\t\t<div class=\"elementor-element elementor-element-YYoow9S elementor-widget elementor-widget-heading\" data-id=\"YYoow9S\" data-element_type=\"widget\" data-widget_type=\"heading.default\">\n\t\t\t\t\t<h5 class=\"elementor-heading-title elementor-size-default\">Que te ofrece Dumaya Travel??<\/h5>\t\t\t\t<\/div>\n\t\t\t\t<\/div>\n\t\t<div class=\"elementor-element elementor-element-Q2jmXcm e-con-full e-flex e-con e-child\" data-id=\"Q2jmXcm\" data-element_type=\"container\">\n\t\t\t\t<div class=\"elementor-element elementor-element-W35SiF4 elementor-widget-tablet__width-initial elementor-widget-mobile__width-inherit elementor-widget__width-initial elementor-position-top elementor-widget elementor-widget-image-box\" data-id=\"W35SiF4\" data-element_type=\"widget\" data-widget_type=\"image-box.default\">\n\t\t\t\t\t<div class=\"elementor-image-box-wrapper\"><figure class=\"elementor-image-box-img\"><a href=\"https:\/\/dumayatravel.com\/en\/contacto\/\" tabindex=\"-1\"><img fetchpriority=\"high\" decoding=\"async\" width=\"2560\" height=\"1707\" src=\"https:\/\/dumayatravel.com\/wp-content\/uploads\/2025\/12\/Canada-extension-race-start-scaled-1.jpg\" class=\"elementor-animation-grow attachment-full size-full wp-image-70\" alt=\"\" srcset=\"https:\/\/dumayatravel.com\/wp-content\/uploads\/2025\/12\/Canada-extension-race-start-scaled-1.jpg 2560w, https:\/\/dumayatravel.com\/wp-content\/uploads\/2025\/12\/Canada-extension-race-start-scaled-1-300x200.jpg 300w, https:\/\/dumayatravel.com\/wp-content\/uploads\/2025\/12\/Canada-extension-race-start-scaled-1-1024x683.jpg 1024w, https:\/\/dumayatravel.com\/wp-content\/uploads\/2025\/12\/Canada-extension-race-start-scaled-1-768x512.jpg 768w, https:\/\/dumayatravel.com\/wp-content\/uploads\/2025\/12\/Canada-extension-race-start-scaled-1-1536x1024.jpg 1536w, https:\/\/dumayatravel.com\/wp-content\/uploads\/2025\/12\/Canada-extension-race-start-scaled-1-2048x1366.jpg 2048w\" sizes=\"(max-width: 2560px) 100vw, 2560px\" \/><\/a><\/figure><div class=\"elementor-image-box-content\"><h4 class=\"elementor-image-box-title\"><a href=\"https:\/\/dumayatravel.com\/en\/contacto\/\">Boletos Eventos Deportivos<\/a><\/h4><p class=\"elementor-image-box-description\">Conseguimos que pases una excelente experiencia en tus eventos deportidos preferidos.<\/p><\/div><\/div>\t\t\t\t<\/div>\n\t\t\t\t<div class=\"elementor-element elementor-element-QvOoE2p elementor-widget-tablet__width-initial elementor-widget-mobile__width-inherit elementor-widget__width-initial elementor-position-top elementor-widget elementor-widget-image-box\" data-id=\"QvOoE2p\" data-element_type=\"widget\" data-widget_type=\"image-box.default\">\n\t\t\t\t\t<div class=\"elementor-image-box-wrapper\"><figure class=\"elementor-image-box-img\"><a href=\"https:\/\/dumayatravel.com\/en\/contacto\/\" tabindex=\"-1\"><img decoding=\"async\" width=\"820\" height=\"534\" src=\"https:\/\/dumayatravel.com\/wp-content\/uploads\/2025\/12\/cancun-hotelview.jpg\" class=\"elementor-animation-grow attachment-full size-full wp-image-71\" alt=\"\" srcset=\"https:\/\/dumayatravel.com\/wp-content\/uploads\/2025\/12\/cancun-hotelview.jpg 820w, https:\/\/dumayatravel.com\/wp-content\/uploads\/2025\/12\/cancun-hotelview-300x195.jpg 300w, https:\/\/dumayatravel.com\/wp-content\/uploads\/2025\/12\/cancun-hotelview-768x500.jpg 768w\" sizes=\"(max-width: 820px) 100vw, 820px\" \/><\/a><\/figure><div class=\"elementor-image-box-content\"><h4 class=\"elementor-image-box-title\"><a href=\"https:\/\/dumayatravel.com\/en\/contacto\/\">Hoteles y Resorts<\/a><\/h4><p class=\"elementor-image-box-description\">Hospedaje en los mejores lugares y a excelentes precios.<\/p><\/div><\/div>\t\t\t\t<\/div>\n\t\t\t\t<div class=\"elementor-element elementor-element-vKVSFYl elementor-widget-tablet__width-initial elementor-widget-mobile__width-inherit elementor-widget__width-initial elementor-position-top elementor-widget elementor-widget-image-box\" data-id=\"vKVSFYl\" data-element_type=\"widget\" data-widget_type=\"image-box.default\">\n\t\t\t\t\t<div class=\"elementor-image-box-wrapper\"><figure class=\"elementor-image-box-img\"><a href=\"https:\/\/dumayatravel.com\/en\/contacto\/\" tabindex=\"-1\"><img decoding=\"async\" width=\"2560\" height=\"1707\" src=\"https:\/\/dumayatravel.com\/wp-content\/uploads\/2025\/12\/pexels-jack-edwards-71760675-8434943-scaled.jpg\" class=\"elementor-animation-grow attachment-full size-full wp-image-226\" alt=\"\" srcset=\"https:\/\/dumayatravel.com\/wp-content\/uploads\/2025\/12\/pexels-jack-edwards-71760675-8434943-scaled.jpg 2560w, https:\/\/dumayatravel.com\/wp-content\/uploads\/2025\/12\/pexels-jack-edwards-71760675-8434943-300x200.jpg 300w, https:\/\/dumayatravel.com\/wp-content\/uploads\/2025\/12\/pexels-jack-edwards-71760675-8434943-1024x683.jpg 1024w, https:\/\/dumayatravel.com\/wp-content\/uploads\/2025\/12\/pexels-jack-edwards-71760675-8434943-768x512.jpg 768w, https:\/\/dumayatravel.com\/wp-content\/uploads\/2025\/12\/pexels-jack-edwards-71760675-8434943-1536x1024.jpg 1536w, https:\/\/dumayatravel.com\/wp-content\/uploads\/2025\/12\/pexels-jack-edwards-71760675-8434943-2048x1365.jpg 2048w, https:\/\/dumayatravel.com\/wp-content\/uploads\/2025\/12\/pexels-jack-edwards-71760675-8434943-18x12.jpg 18w\" sizes=\"(max-width: 2560px) 100vw, 2560px\" \/><\/a><\/figure><div class=\"elementor-image-box-content\"><h4 class=\"elementor-image-box-title\"><a href=\"https:\/\/dumayatravel.com\/en\/contacto\/\">Boletos de Avi\u00f3n<\/a><\/h4><p class=\"elementor-image-box-description\">Vuelos a todas partes del mundo<\/p><\/div><\/div>\t\t\t\t<\/div>\n\t\t\t\t<div class=\"elementor-element elementor-element-hyyJG3J elementor-widget-tablet__width-initial elementor-widget-mobile__width-inherit elementor-widget__width-initial elementor-position-top elementor-widget elementor-widget-image-box\" data-id=\"hyyJG3J\" data-element_type=\"widget\" data-widget_type=\"image-box.default\">\n\t\t\t\t\t<div class=\"elementor-image-box-wrapper\"><figure class=\"elementor-image-box-img\"><a href=\"https:\/\/dumayatravel.com\/en\/contacto\/\" tabindex=\"-1\"><img loading=\"lazy\" decoding=\"async\" width=\"1000\" height=\"667\" src=\"https:\/\/dumayatravel.com\/wp-content\/uploads\/2025\/12\/Disney_California_Adventure_wikimedia_commons_Eric-Philbin-1.webp\" class=\"elementor-animation-grow attachment-full size-full wp-image-74\" alt=\"\" srcset=\"https:\/\/dumayatravel.com\/wp-content\/uploads\/2025\/12\/Disney_California_Adventure_wikimedia_commons_Eric-Philbin-1.webp 1000w, https:\/\/dumayatravel.com\/wp-content\/uploads\/2025\/12\/Disney_California_Adventure_wikimedia_commons_Eric-Philbin-1-300x200.webp 300w, https:\/\/dumayatravel.com\/wp-content\/uploads\/2025\/12\/Disney_California_Adventure_wikimedia_commons_Eric-Philbin-1-768x512.webp 768w\" sizes=\"(max-width: 1000px) 100vw, 1000px\" \/><\/a><\/figure><div class=\"elementor-image-box-content\"><h4 class=\"elementor-image-box-title\"><a href=\"https:\/\/dumayatravel.com\/en\/contacto\/\">Parques Tematicos<\/a><\/h4><p class=\"elementor-image-box-description\">Paquetes todo incluido para que no te preocupes por nada mas que por tu diversi\u00f3n y la de tus seres queridos.<\/p><\/div><\/div>\t\t\t\t<\/div>\n\t\t\t\t<\/div>\n\t\t\t\t<div class=\"elementor-element elementor-element-J3qPOJ6 elementor-widget__width-auto elementor-align-right elementor-widget elementor-widget-button\" data-id=\"J3qPOJ6\" data-element_type=\"widget\" data-widget_type=\"button.default\">\n\t\t\t\t\t\t\t\t\t\t<a class=\"elementor-button elementor-button-link elementor-size-sm\" href=\"https:\/\/dumayatravel.com\/en\/contacto\/\">\n\t\t\t\t\t\t<span class=\"elementor-button-content-wrapper\">\n\t\t\t\t\t\t\t\t\t<span class=\"elementor-button-text\">Ver M\u00e1s<\/span>\n\t\t\t\t\t<\/span>\n\t\t\t\t\t<\/a>\n\t\t\t\t\t\t\t\t<\/div>\n\t\t\t\t\t<\/div>\n\t\t\t\t<\/div>\n\t\t\t\t<\/div>","protected":false},"excerpt":{"rendered":"<p>https:\/\/dumayatravel.com\/wp-content\/uploads\/2025\/12\/4684101-hd_1920_1080_25fps.mp4 Experiencia Personalizada En Dumaya, te ofrecemos un viaje \u00fanico dise\u00f1ado solo para ti. Cada viajero tiene sus propias necesidades, [&hellip;]<\/p>","protected":false},"author":1,"featured_media":0,"parent":0,"menu_order":0,"comment_status":"closed","ping_status":"closed","template":"","meta":{"_uag_custom_page_level_css":"","site-sidebar-layout":"default","site-content-layout":"","ast-site-content-layout":"default","site-content-style":"default","site-sidebar-style":"default","ast-global-header-display":"","ast-banner-title-visibility":"","ast-main-header-display":"","ast-hfb-above-header-display":"","ast-hfb-below-header-display":"","ast-hfb-mobile-header-display":"","site-post-title":"disabled","ast-breadcrumbs-content":"","ast-featured-img":"","footer-sml-layout":"","theme-transparent-header-meta":"","adv-header-id-meta":"","stick-header-meta":"","header-above-stick-meta":"","header-main-stick-meta":"","header-below-stick-meta":"","astra-migrate-meta-layouts":"default","ast-page-background-enabled":"default","ast-page-background-meta":{"desktop":{"background-color":"var(--ast-global-color-5)","background-image":"","background-repeat":"repeat","background-position":"center center","background-size":"auto","background-attachment":"scroll","background-type":"","background-media":"","overlay-type":"","overlay-color":"","overlay-opacity":"","overlay-gradient":""},"tablet":{"background-color":"","background-image":"","background-repeat":"repeat","background-position":"center center","background-size":"auto","background-attachment":"scroll","background-type":"","background-media":"","overlay-type":"","overlay-color":"","overlay-opacity":"","overlay-gradient":""},"mobile":{"background-color":"","background-image":"","background-repeat":"repeat","background-position":"center center","background-size":"auto","background-attachment":"scroll","background-type":"","background-media":"","overlay-type":"","overlay-color":"","overlay-opacity":"","overlay-gradient":""}},"ast-content-background-meta":{"desktop":{"background-color":"var(--ast-global-color-4)","background-image":"","background-repeat":"repeat","background-position":"center center","background-size":"auto","background-attachment":"scroll","background-type":"","background-media":"","overlay-type":"","overlay-color":"","overlay-opacity":"","overlay-gradient":""},"tablet":{"background-color":"var(--ast-global-color-4)","background-image":"","background-repeat":"repeat","background-position":"center center","background-size":"auto","background-attachment":"scroll","background-type":"","background-media":"","overlay-type":"","overlay-color":"","overlay-opacity":"","overlay-gradient":""},"mobile":{"background-color":"var(--ast-global-color-4)","background-image":"","background-repeat":"repeat","background-position":"center center","background-size":"auto","background-attachment":"scroll","background-type":"","background-media":"","overlay-type":"","overlay-color":"","overlay-opacity":"","overlay-gradient":""}},"footnotes":""},"class_list":["post-8","page","type-page","status-publish","hentry"],"aioseo_notices":[],"_hostinger_reach_plugin_has_subscription_block":false,"_hostinger_reach_plugin_is_elementor":false,"uagb_featured_image_src":{"full":false,"thumbnail":false,"medium":false,"medium_large":false,"large":false,"1536x1536":false,"2048x2048":false,"trp-custom-language-flag":false},"uagb_author_info":{"display_name":"euridik@hotmail.com","author_link":"https:\/\/dumayatravel.com\/en\/author\/euridikhotmail-com\/"},"uagb_comment_info":0,"uagb_excerpt":"https:\/\/dumayatravel.com\/wp-content\/uploads\/2025\/12\/4684101-hd_1920_1080_25fps.mp4 Experiencia Personalizada En Dumaya, te ofrecemos un viaje \u00fanico dise\u00f1ado solo para ti. Cada viajero tiene sus propias necesidades, [&hellip;]","_links":{"self":[{"href":"https:\/\/dumayatravel.com\/en\/wp-json\/wp\/v2\/pages\/8","targetHints":{"allow":["GET"]}}],"collection":[{"href":"https:\/\/dumayatravel.com\/en\/wp-json\/wp\/v2\/pages"}],"about":[{"href":"https:\/\/dumayatravel.com\/en\/wp-json\/wp\/v2\/types\/page"}],"author":[{"embeddable":true,"href":"https:\/\/dumayatravel.com\/en\/wp-json\/wp\/v2\/users\/1"}],"replies":[{"embeddable":true,"href":"https:\/\/dumayatravel.com\/en\/wp-json\/wp\/v2\/comments?post=8"}],"version-history":[{"count":41,"href":"https:\/\/dumayatravel.com\/en\/wp-json\/wp\/v2\/pages\/8\/revisions"}],"predecessor-version":[{"id":248,"href":"https:\/\/dumayatravel.com\/en\/wp-json\/wp\/v2\/pages\/8\/revisions\/248"}],"wp:attachment":[{"href":"https:\/\/dumayatravel.com\/en\/wp-json\/wp\/v2\/media?parent=8"}],"curies":[{"name":"wp","href":"https:\/\/api.w.org\/{rel}","templated":true}]}}